{"id":46,"date":"2014-02-09T12:47:36","date_gmt":"2014-02-09T10:47:36","guid":{"rendered":"http:\/\/www.triathlon-eintracht-hildesheim.de\/wordpress\/?page_id=46"},"modified":"2020-04-14T17:36:02","modified_gmt":"2020-04-14T15:36:02","slug":"damen","status":"publish","type":"page","link":"http:\/\/www.triathlon-eintracht-hildesheim.de\/wordpress\/?page_id=46","title":{"rendered":"Damen"},"content":{"rendered":"<div id=\"attachment_194\" style=\"width: 976px\" class=\"wp-caption alignnone\"><a href=\"http:\/\/www.triathlon-eintracht-hildesheim.de\/wordpress\/wp-content\/uploads\/2020\/04\/Eintracht-Frauschaftsfoto.jpg\"><img loading=\"lazy\" decoding=\"async\" aria-describedby=\"caption-attachment-194\" class=\"size-full wp-image-194\" src=\"http:\/\/www.triathlon-eintracht-hildesheim.de\/wordpress\/wp-content\/uploads\/2020\/04\/Eintracht-Frauschaftsfoto.jpg\" alt=\"\" width=\"966\" height=\"593\" srcset=\"http:\/\/www.triathlon-eintracht-hildesheim.de\/wordpress\/wp-content\/uploads\/2020\/04\/Eintracht-Frauschaftsfoto.jpg 966w, http:\/\/www.triathlon-eintracht-hildesheim.de\/wordpress\/wp-content\/uploads\/2020\/04\/Eintracht-Frauschaftsfoto-300x184.jpg 300w, http:\/\/www.triathlon-eintracht-hildesheim.de\/wordpress\/wp-content\/uploads\/2020\/04\/Eintracht-Frauschaftsfoto-768x471.jpg 768w, http:\/\/www.triathlon-eintracht-hildesheim.de\/wordpress\/wp-content\/uploads\/2020\/04\/Eintracht-Frauschaftsfoto-624x383.jpg 624w\" sizes=\"(max-width: 966px) 100vw, 966px\" \/><\/a><p id=\"caption-attachment-194\" class=\"wp-caption-text\">Damenteam Eintracht Hildesheim. Auf dem Foto fehlt S. Rode.<\/p><\/div>\n<p>Das Damenteam der Eintracht Hildesheim freut sich jederzeit \u00fcber Zuwachs, egal ob Anf\u00e4ngerin oder Fortgeschrittene. Wir sind auf den unterschiedlichen Distanzen von Sprint \u00fcber Olympische Distanz, Mittel- bis hin zur Langdistanz unterwegs.<\/p>\n<p>Die Sportveranstaltungen der einzelnen Disziplinen sind eine willkommene Erg\u00e4nzung zum Training. Ob Silvesterlauf, die Radtourenfahrten (RTF) oder das 24-Stunden-Schwimmen nutzen wir gern, um als Team gemeinsam Zeit zu verbringen.<\/p>\n<p>Dar\u00fcber hinaus nimmt die Damenmannschaft der Eintracht Hildesheim am Ligabetrieb der Landesliga Niedersachsen teil, wo \u00fcber das Jahr verteilt f\u00fcnf Wettk\u00e4mpfe als Team bestritten werden m\u00fcssen.<\/p>\n<p>&nbsp;<\/p>\n<p>&nbsp;<\/p>\n","protected":false},"excerpt":{"rendered":"<p>Das Damenteam der Eintracht Hildesheim freut sich jederzeit \u00fcber Zuwachs, egal ob Anf\u00e4ngerin oder Fortgeschrittene. Wir sind auf den unterschiedlichen Distanzen von Sprint \u00fcber Olympische Distanz, Mittel- bis hin zur Langdistanz unterwegs. Die Sportveranstaltungen der einzelnen Disziplinen sind eine willkommene Erg\u00e4nzung zum Training. Ob Silvesterlauf, die Radtourenfahrten (RTF) oder das 24-Stunden-Schwimmen nutzen wir gern, um [&hellip;]<\/p>\n","protected":false},"author":1,"featured_media":0,"parent":0,"menu_order":0,"comment_status":"closed","ping_status":"closed","template":"","meta":{"footnotes":""},"_links":{"self":[{"href":"http:\/\/www.triathlon-eintracht-hildesheim.de\/wordpress\/index.php?rest_route=\/wp\/v2\/pages\/46"}],"collection":[{"href":"http:\/\/www.triathlon-eintracht-hildesheim.de\/wordpress\/index.php?rest_route=\/wp\/v2\/pages"}],"about":[{"href":"http:\/\/www.triathlon-eintracht-hildesheim.de\/wordpress\/index.php?rest_route=\/wp\/v2\/types\/page"}],"author":[{"embeddable":true,"href":"http:\/\/www.triathlon-eintracht-hildesheim.de\/wordpress\/index.php?rest_route=\/wp\/v2\/users\/1"}],"replies":[{"embeddable":true,"href":"http:\/\/www.triathlon-eintracht-hildesheim.de\/wordpress\/index.php?rest_route=%2Fwp%2Fv2%2Fcomments&post=46"}],"version-history":[{"count":7,"href":"http:\/\/www.triathlon-eintracht-hildesheim.de\/wordpress\/index.php?rest_route=\/wp\/v2\/pages\/46\/revisions"}],"predecessor-version":[{"id":197,"href":"http:\/\/www.triathlon-eintracht-hildesheim.de\/wordpress\/index.php?rest_route=\/wp\/v2\/pages\/46\/revisions\/197"}],"wp:attachment":[{"href":"http:\/\/www.triathlon-eintracht-hildesheim.de\/wordpress\/index.php?rest_route=%2Fwp%2Fv2%2Fmedia&parent=46"}],"curies":[{"name":"wp","href":"https:\/\/api.w.org\/{rel}","templated":true}]}}