{"id":34,"date":"2014-02-08T22:37:15","date_gmt":"2014-02-08T20:37:15","guid":{"rendered":"http:\/\/www.triathlon-eintracht-hildesheim.de\/wordpress\/?page_id=34"},"modified":"2018-07-03T19:15:21","modified_gmt":"2018-07-03T17:15:21","slug":"impressum","status":"publish","type":"page","link":"http:\/\/www.triathlon-eintracht-hildesheim.de\/wordpress\/?page_id=34","title":{"rendered":"Impressum"},"content":{"rendered":"<p>Vereinsanschrift \/ Gesch\u00e4ftsstelle:<\/p>\n<p><a href=\"http:\/\/www.eintracht-hildesheim.de\">Eintracht Hildesheim von 1861 e. V.<\/a><br \/>\nAn den Sportpl\u00e4tzen 10<br \/>\n(am Hohnsensee)<br \/>\n31139 Hildesheim<br \/>\nTelefon: +49(5121)44433<\/p>\n<p>:<\/p>\n<p><a href=\"http:\/\/www.eintracht-hildesheim.de\">Datenschutzerkl\u00e4rung<\/a><\/p>\n","protected":false},"excerpt":{"rendered":"<p>Vereinsanschrift \/ Gesch\u00e4ftsstelle: Eintracht Hildesheim von 1861 e. V. An den Sportpl\u00e4tzen 10 (am Hohnsensee) 31139 Hildesheim Telefon: +49(5121)44433 : Datenschutzerkl\u00e4rung<\/p>\n","protected":false},"author":1,"featured_media":0,"parent":0,"menu_order":0,"comment_status":"closed","ping_status":"closed","template":"","meta":{"footnotes":""},"_links":{"self":[{"href":"http:\/\/www.triathlon-eintracht-hildesheim.de\/wordpress\/index.php?rest_route=\/wp\/v2\/pages\/34"}],"collection":[{"href":"http:\/\/www.triathlon-eintracht-hildesheim.de\/wordpress\/index.php?rest_route=\/wp\/v2\/pages"}],"about":[{"href":"http:\/\/www.triathlon-eintracht-hildesheim.de\/wordpress\/index.php?rest_route=\/wp\/v2\/types\/page"}],"author":[{"embeddable":true,"href":"http:\/\/www.triathlon-eintracht-hildesheim.de\/wordpress\/index.php?rest_route=\/wp\/v2\/users\/1"}],"replies":[{"embeddable":true,"href":"http:\/\/www.triathlon-eintracht-hildesheim.de\/wordpress\/index.php?rest_route=%2Fwp%2Fv2%2Fcomments&post=34"}],"version-history":[{"count":5,"href":"http:\/\/www.triathlon-eintracht-hildesheim.de\/wordpress\/index.php?rest_route=\/wp\/v2\/pages\/34\/revisions"}],"predecessor-version":[{"id":183,"href":"http:\/\/www.triathlon-eintracht-hildesheim.de\/wordpress\/index.php?rest_route=\/wp\/v2\/pages\/34\/revisions\/183"}],"wp:attachment":[{"href":"http:\/\/www.triathlon-eintracht-hildesheim.de\/wordpress\/index.php?rest_route=%2Fwp%2Fv2%2Fmedia&parent=34"}],"curies":[{"name":"wp","href":"https:\/\/api.w.org\/{rel}","templated":true}]}}