{"id":18,"date":"2014-02-08T18:11:14","date_gmt":"2014-02-08T16:11:14","guid":{"rendered":"http:\/\/www.triathlon-eintracht-hildesheim.de\/wordpress\/?page_id=18"},"modified":"2014-05-16T20:27:30","modified_gmt":"2014-05-16T18:27:30","slug":"18-2","status":"publish","type":"page","link":"http:\/\/www.triathlon-eintracht-hildesheim.de\/wordpress\/?page_id=18","title":{"rendered":"Trainingszeiten"},"content":{"rendered":"<h3>Schwimmtraining<\/h3>\n<table border=\"0\">\n<tbody>\n<tr>\n<th>Wer<\/th>\n<th>Wochentag<\/th>\n<th>Uhrzeit<\/th>\n<th>Ort<\/th>\n<\/tr>\n<tr>\n<td>Erwachsene<\/td>\n<td>Dienstag<\/td>\n<td>20:15 (20:30 &#8211; 22.00) Uhr<\/td>\n<td>Schwimmhalle Himmelsth\u00fcr<\/td>\n<\/tr>\n<tr>\n<td><\/td>\n<td>Donnerstag<\/td>\n<td>20:45 (21:00 &#8211; 21.45) Uhr<\/td>\n<td>Schwimmhalle Himmelsth\u00fcr<\/td>\n<\/tr>\n<tr>\n<td><\/td>\n<td>Sonntag<\/td>\n<td>18:45 (19:00 &#8211; 20.00) Uhr<\/td>\n<td>Schwimmhalle Himmelsth\u00fcr<\/td>\n<\/tr>\n<\/tbody>\n<\/table>\n<h3>Rad und Lauftraining<\/h3>\n<p>Individuell nach Vereinbarung.<\/p>\n","protected":false},"excerpt":{"rendered":"<p>Schwimmtraining Wer Wochentag Uhrzeit Ort Erwachsene Dienstag 20:15 (20:30 &#8211; 22.00) Uhr Schwimmhalle Himmelsth\u00fcr Donnerstag 20:45 (21:00 &#8211; 21.45) Uhr Schwimmhalle Himmelsth\u00fcr Sonntag 18:45 (19:00 &#8211; 20.00) Uhr Schwimmhalle Himmelsth\u00fcr Rad und Lauftraining Individuell nach Vereinbarung.<\/p>\n","protected":false},"author":1,"featured_media":0,"parent":0,"menu_order":0,"comment_status":"closed","ping_status":"closed","template":"page-templates\/full-width.php","meta":{"footnotes":""},"_links":{"self":[{"href":"http:\/\/www.triathlon-eintracht-hildesheim.de\/wordpress\/index.php?rest_route=\/wp\/v2\/pages\/18"}],"collection":[{"href":"http:\/\/www.triathlon-eintracht-hildesheim.de\/wordpress\/index.php?rest_route=\/wp\/v2\/pages"}],"about":[{"href":"http:\/\/www.triathlon-eintracht-hildesheim.de\/wordpress\/index.php?rest_route=\/wp\/v2\/types\/page"}],"author":[{"embeddable":true,"href":"http:\/\/www.triathlon-eintracht-hildesheim.de\/wordpress\/index.php?rest_route=\/wp\/v2\/users\/1"}],"replies":[{"embeddable":true,"href":"http:\/\/www.triathlon-eintracht-hildesheim.de\/wordpress\/index.php?rest_route=%2Fwp%2Fv2%2Fcomments&post=18"}],"version-history":[{"count":4,"href":"http:\/\/www.triathlon-eintracht-hildesheim.de\/wordpress\/index.php?rest_route=\/wp\/v2\/pages\/18\/revisions"}],"predecessor-version":[{"id":59,"href":"http:\/\/www.triathlon-eintracht-hildesheim.de\/wordpress\/index.php?rest_route=\/wp\/v2\/pages\/18\/revisions\/59"}],"wp:attachment":[{"href":"http:\/\/www.triathlon-eintracht-hildesheim.de\/wordpress\/index.php?rest_route=%2Fwp%2Fv2%2Fmedia&parent=18"}],"curies":[{"name":"wp","href":"https:\/\/api.w.org\/{rel}","templated":true}]}}